{"id":10167,"date":"2026-02-14T00:15:23","date_gmt":"2026-02-13T23:15:23","guid":{"rendered":"https:\/\/enibo-official.com\/?post_type=product&#038;p=10167"},"modified":"2026-02-14T00:36:43","modified_gmt":"2026-02-13T23:36:43","slug":"enibo-premium-turtleneck","status":"publish","type":"product","link":"https:\/\/enibo-official.com\/en\/product\/enibo-premium-turtleneck\/","title":{"rendered":"Enibo Premium Turtleneck"},"content":{"rendered":"<p>Elegantna i bezvremenska dolcevita dizajnirana za \u017eene. Izra\u0111ena od mekane, ugodne i elasti\u010dne pamu\u010dne tkanine koja savr\u0161eno prati liniju tijela, pru\u017eaju\u0107i maksimalnu udobnost tijekom cijelog dana.<\/p>\n<p>Savr\u0161en izbor za trening, natjecanja ili sofisticirani casual look .<\/p>\n<p>Karakteristike:<\/p>\n<ul>\n<li>Mekana i rastezljiva premium tkanina<\/li>\n<li>Elegantni visoki ovratnik<\/li>\n<li>Uski, \u017eenstveni kroj<\/li>\n<li>Idealan komad za slojevito odijevanje<\/li>\n<\/ul>","protected":false},"excerpt":{"rendered":"<p>Elegantna i bezvremenska dolcevita dizajnirana za \u017eene. Izra\u0111ena od mekane, ugodne i elasti\u010dne pamu\u010dne tkanine koja savr\u0161eno prati liniju tijela, pru\u017eaju\u0107i maksimalnu udobnost tijekom cijelog dana. Savr\u0161en izbor za trening, natjecanja ili sofisticirani casual look . Karakteristike: Mekana i rastezljiva premium tkanina Elegantni visoki ovratnik Uski, \u017eenstveni kroj Idealan komad za slojevito odijevanje<\/p>","protected":false},"featured_media":10169,"comment_status":"open","ping_status":"closed","template":"","meta":[],"product_brand":[],"product_cat":[349,346],"product_tag":[],"class_list":{"0":"post-10167","1":"product","2":"type-product","3":"status-publish","4":"has-post-thumbnail","6":"product_cat-valentines-edit","7":"product_cat-womens-riding-wear","9":"first","10":"instock","11":"taxable","12":"shipping-taxable","13":"purchasable","14":"product-type-variable"},"_links":{"self":[{"href":"https:\/\/enibo-official.com\/en\/wp-json\/wp\/v2\/product\/10167","targetHints":{"allow":["GET"]}}],"collection":[{"href":"https:\/\/enibo-official.com\/en\/wp-json\/wp\/v2\/product"}],"about":[{"href":"https:\/\/enibo-official.com\/en\/wp-json\/wp\/v2\/types\/product"}],"replies":[{"embeddable":true,"href":"https:\/\/enibo-official.com\/en\/wp-json\/wp\/v2\/comments?post=10167"}],"wp:featuredmedia":[{"embeddable":true,"href":"https:\/\/enibo-official.com\/en\/wp-json\/wp\/v2\/media\/10169"}],"wp:attachment":[{"href":"https:\/\/enibo-official.com\/en\/wp-json\/wp\/v2\/media?parent=10167"}],"wp:term":[{"taxonomy":"product_brand","embeddable":true,"href":"https:\/\/enibo-official.com\/en\/wp-json\/wp\/v2\/product_brand?post=10167"},{"taxonomy":"product_cat","embeddable":true,"href":"https:\/\/enibo-official.com\/en\/wp-json\/wp\/v2\/product_cat?post=10167"},{"taxonomy":"product_tag","embeddable":true,"href":"https:\/\/enibo-official.com\/en\/wp-json\/wp\/v2\/product_tag?post=10167"}],"curies":[{"name":"wp","href":"https:\/\/api.w.org\/{rel}","templated":true}]}}