{"id":10181,"date":"2026-02-14T00:31:30","date_gmt":"2026-02-13T23:31:30","guid":{"rendered":"https:\/\/enibo-official.com\/?post_type=product&#038;p=10181"},"modified":"2026-02-14T00:34:49","modified_gmt":"2026-02-13T23:34:49","slug":"enibo-premium-long-t-shirt","status":"publish","type":"product","link":"https:\/\/enibo-official.com\/en\/product\/enibo-premium-long-t-shirt\/","title":{"rendered":"Enibo premium long T-shirt"},"content":{"rendered":"<p>Essential long sleeve majica izra\u0111ena je od lagane, prozra\u010dne i mekane tkanine koja pru\u017ea maksimalnu udobnost tijekom cijelog dana.<\/p>\n<p>Prepoznatljivi ENIBO logo na prsima nagla\u0161ava identitet brenda, dok jednostavan kroj omogu\u0107uje lako kombiniranje \u2013 od treninga u \u0161tali do svakodnevnih outfita.<\/p>\n<p>Savr\u0161ena kao baza za slojevito odijevanje ili samostalni statement komad.<\/p>\n<p>Karakteristike:<\/p>\n<ul>\n<li>Lagana i prozra\u010dna tkanina<\/li>\n<li>Klasi\u010dni, \u017eenstveni kroj<\/li>\n<li>Diskretni ENIBO logo<\/li>\n<li>Idealna za trening i casual kombinacije<\/li>\n<li>Bezvremenski bijeli komad u svakoj garderobi<\/li>\n<\/ul>","protected":false},"excerpt":{"rendered":"<p>Essential long sleeve majica izra\u0111ena je od lagane, prozra\u010dne i mekane tkanine koja pru\u017ea maksimalnu udobnost tijekom cijelog dana. Prepoznatljivi ENIBO logo na prsima nagla\u0161ava identitet brenda, dok jednostavan kroj omogu\u0107uje lako kombiniranje \u2013 od treninga u \u0161tali do svakodnevnih outfita. Savr\u0161ena kao baza za slojevito odijevanje ili samostalni statement komad. Karakteristike: Lagana i prozra\u010dna tkanina Klasi\u010dni, \u017eenstveni kroj Diskretni ENIBO logo Idealna za trening i casual kombinacije Bezvremenski bijeli komad u svakoj garderobi<\/p>","protected":false},"featured_media":10182,"comment_status":"open","ping_status":"closed","template":"","meta":[],"product_brand":[],"product_cat":[349,346],"product_tag":[],"class_list":{"0":"post-10181","1":"product","2":"type-product","3":"status-publish","4":"has-post-thumbnail","6":"product_cat-valentines-edit","7":"product_cat-womens-riding-wear","9":"first","10":"instock","11":"taxable","12":"shipping-taxable","13":"purchasable","14":"product-type-variable"},"_links":{"self":[{"href":"https:\/\/enibo-official.com\/en\/wp-json\/wp\/v2\/product\/10181","targetHints":{"allow":["GET"]}}],"collection":[{"href":"https:\/\/enibo-official.com\/en\/wp-json\/wp\/v2\/product"}],"about":[{"href":"https:\/\/enibo-official.com\/en\/wp-json\/wp\/v2\/types\/product"}],"replies":[{"embeddable":true,"href":"https:\/\/enibo-official.com\/en\/wp-json\/wp\/v2\/comments?post=10181"}],"wp:featuredmedia":[{"embeddable":true,"href":"https:\/\/enibo-official.com\/en\/wp-json\/wp\/v2\/media\/10182"}],"wp:attachment":[{"href":"https:\/\/enibo-official.com\/en\/wp-json\/wp\/v2\/media?parent=10181"}],"wp:term":[{"taxonomy":"product_brand","embeddable":true,"href":"https:\/\/enibo-official.com\/en\/wp-json\/wp\/v2\/product_brand?post=10181"},{"taxonomy":"product_cat","embeddable":true,"href":"https:\/\/enibo-official.com\/en\/wp-json\/wp\/v2\/product_cat?post=10181"},{"taxonomy":"product_tag","embeddable":true,"href":"https:\/\/enibo-official.com\/en\/wp-json\/wp\/v2\/product_tag?post=10181"}],"curies":[{"name":"wp","href":"https:\/\/api.w.org\/{rel}","templated":true}]}}