{"id":1119,"date":"2021-02-03T14:19:53","date_gmt":"2021-02-03T13:19:53","guid":{"rendered":"https:\/\/enibo-official.com\/?post_type=product&#038;p=1119"},"modified":"2025-11-20T08:54:42","modified_gmt":"2025-11-20T07:54:42","slug":"electra-mouse-grey-dressage","status":"publish","type":"product","link":"https:\/\/enibo-official.com\/en\/product\/electra-mouse-grey-dressage\/","title":{"rendered":"Electra mouse grey"},"content":{"rendered":"<p>Enibo Electra modeli izra\u0111eni su od najboljih pli\u0161anih materijala \u0161to ih \u010dini izuzetno mekanima za vas i va\u0161eg konja!<br \/>\nNova siva boja svakoga ostavlja bez teksta!<br \/>\nPodstava je 100% pamu\u010dna, a glavni materijali su 61% akril i 39% poliester.<br \/>\nNa\u0161i se proizvodi lako peru uz samo malo vode, otporni su i trajni, sigurni su za pranje i u perilici rublja.<br \/>\nSvaka Enibo podsedlica ru\u010dno je izra\u0111ena i cruelty free.<br \/>\nPosebnog je izgleda i savr\u0161en je odabir ako tra\u017eite podsedlicu za turnir ili posebne trenutke.<br \/>\nDostupna u 2 veli\u010dine, za dresuru i preponsko jahanje!<\/p>\n<p>Osim \u0161to je izuzetno mekana, ostavlja o\u010daravaju\u0107i osje\u0107aj svojim dizajnom i elegancijom.<\/p>","protected":false},"excerpt":{"rendered":"<p>Enibo Electra modeli izra\u0111eni su od najboljih pli\u0161anih materijala \u0161to ih \u010dini izuzetno mekanima za vas i va\u0161eg konja! Nova siva boja svakoga ostavlja bez teksta! Podstava je 100% pamu\u010dna, a glavni materijali su 61% akril i 39% poliester. Na\u0161i se proizvodi lako peru uz samo malo vode, otporni su i trajni, sigurni su za pranje i u perilici rublja. Svaka Enibo podsedlica ru\u010dno je izra\u0111ena i cruelty free. Posebnog je izgleda i savr\u0161en je odabir ako tra\u017eite podsedlicu za turnir ili posebne trenutke. Dostupna u 2 veli\u010dine, za dresuru i preponsko jahanje! Osim \u0161to je izuzetno mekana, ostavlja o\u010daravaju\u0107i osje\u0107aj svojim dizajnom i elegancijom.<\/p>","protected":false},"featured_media":1098,"comment_status":"open","ping_status":"closed","template":"","meta":[],"product_brand":[],"product_cat":[250,341,237],"product_tag":[246],"class_list":{"0":"post-1119","1":"product","2":"type-product","3":"status-publish","4":"has-post-thumbnail","6":"product_cat-podsedlice","7":"product_cat-basics","8":"product_cat-dresurna","9":"product_tag-electra","11":"first","12":"instock","13":"sale","14":"taxable","15":"shipping-taxable","16":"purchasable","17":"product-type-variable"},"_links":{"self":[{"href":"https:\/\/enibo-official.com\/en\/wp-json\/wp\/v2\/product\/1119","targetHints":{"allow":["GET"]}}],"collection":[{"href":"https:\/\/enibo-official.com\/en\/wp-json\/wp\/v2\/product"}],"about":[{"href":"https:\/\/enibo-official.com\/en\/wp-json\/wp\/v2\/types\/product"}],"replies":[{"embeddable":true,"href":"https:\/\/enibo-official.com\/en\/wp-json\/wp\/v2\/comments?post=1119"}],"wp:featuredmedia":[{"embeddable":true,"href":"https:\/\/enibo-official.com\/en\/wp-json\/wp\/v2\/media\/1098"}],"wp:attachment":[{"href":"https:\/\/enibo-official.com\/en\/wp-json\/wp\/v2\/media?parent=1119"}],"wp:term":[{"taxonomy":"product_brand","embeddable":true,"href":"https:\/\/enibo-official.com\/en\/wp-json\/wp\/v2\/product_brand?post=1119"},{"taxonomy":"product_cat","embeddable":true,"href":"https:\/\/enibo-official.com\/en\/wp-json\/wp\/v2\/product_cat?post=1119"},{"taxonomy":"product_tag","embeddable":true,"href":"https:\/\/enibo-official.com\/en\/wp-json\/wp\/v2\/product_tag?post=1119"}],"curies":[{"name":"wp","href":"https:\/\/api.w.org\/{rel}","templated":true}]}}