{"id":1185,"date":"2021-05-06T20:33:01","date_gmt":"2021-05-06T18:33:01","guid":{"rendered":"https:\/\/enibo-official.com\/?post_type=product&#038;p=1185"},"modified":"2025-05-31T23:03:45","modified_gmt":"2025-05-31T21:03:45","slug":"enibo-training-tee-with-the-side-logo","status":"publish","type":"product","link":"https:\/\/enibo-official.com\/en\/product\/enibo-training-tee-with-the-side-logo\/","title":{"rendered":"Enibo white training t-shirt with the side logo"},"content":{"rendered":"<p>Ponosno mo\u017eemo re\u0107i kako smo stvorili izvrstan proizvod koji omogu\u0107ava prozra\u010dnost i treniranje bez ikakvog znojenja. 100%-ti pamuk omogu\u0107ava najmek\u0161i osje\u0107aj tijekom cijelog no\u0161enja. Na\u0161e majice, kao i svi ostali proizvodi, ekolo\u0161ki su osvje\u0161tene, te na najvi\u0161em nivou kvalitete. Na\u0161 proizvo\u0111a\u010d osigurao je sigurnu i pametnu proizvodnju u EU te je potvr\u0111en od strane PETA organizacije. Osiguravamo da su na\u0161e majice 100% veganski proizvod, \u0161to zna\u010di da nikakvi \u017eivotinjski proizvodi niti \u017eivotinje nisu uklju\u010deni u proizvodnju, odnosno testiranje iiti sastav ovog proizvoda.<\/p>\n<p>Model na fotografiji nosi broj XS.<\/p>\n<p>Veli\u010dine su istinite i odgovaraju navedenim proporcijama.<\/p>\n<p>145 g\/m\u00b2<\/p>\n<p>100% pamuk, prethodno skupljeni, prstenasto tkani i \u010de\u0161ljani (organski).<\/p>\n<p>Tanki rebrasti ovratnik.<\/p>\n<p>Regular fit, sweat-proof.<\/p>\n<p>PETA certified.<\/p>","protected":false},"excerpt":{"rendered":"<p>Ponosno mo\u017eemo re\u0107i kako smo stvorili izvrstan proizvod koji omogu\u0107ava prozra\u010dnost i treniranje bez ikakvog znojenja. 100%-ti pamuk omogu\u0107ava najmek\u0161i osje\u0107aj tijekom cijelog no\u0161enja. Na\u0161e majice, kao i svi ostali proizvodi, ekolo\u0161ki su osvje\u0161tene, te na najvi\u0161em nivou kvalitete. Na\u0161 proizvo\u0111a\u010d osigurao je sigurnu i pametnu proizvodnju u EU te je potvr\u0111en od strane PETA organizacije. Osiguravamo da su na\u0161e majice 100% veganski proizvod, \u0161to zna\u010di da nikakvi \u017eivotinjski proizvodi niti \u017eivotinje nisu uklju\u010deni u proizvodnju, odnosno testiranje iiti sastav ovog proizvoda. Model na fotografiji nosi broj XS. Veli\u010dine su istinite i odgovaraju navedenim proporcijama. 145 g\/m\u00b2 100% pamuk, prethodno skupljeni, prstenasto tkani i \u010de\u0161ljani (organski). Tanki rebrasti ovratnik. Regular fit, sweat-proof. PETA certified.<\/p>","protected":false},"featured_media":1293,"comment_status":"open","ping_status":"closed","template":"","meta":[],"product_brand":[],"product_cat":[342],"product_tag":[],"class_list":{"0":"post-1185","1":"product","2":"type-product","3":"status-publish","4":"has-post-thumbnail","6":"product_cat-outlet","8":"first","9":"instock","10":"taxable","11":"shipping-taxable","12":"purchasable","13":"product-type-variable"},"_links":{"self":[{"href":"https:\/\/enibo-official.com\/en\/wp-json\/wp\/v2\/product\/1185","targetHints":{"allow":["GET"]}}],"collection":[{"href":"https:\/\/enibo-official.com\/en\/wp-json\/wp\/v2\/product"}],"about":[{"href":"https:\/\/enibo-official.com\/en\/wp-json\/wp\/v2\/types\/product"}],"replies":[{"embeddable":true,"href":"https:\/\/enibo-official.com\/en\/wp-json\/wp\/v2\/comments?post=1185"}],"wp:featuredmedia":[{"embeddable":true,"href":"https:\/\/enibo-official.com\/en\/wp-json\/wp\/v2\/media\/1293"}],"wp:attachment":[{"href":"https:\/\/enibo-official.com\/en\/wp-json\/wp\/v2\/media?parent=1185"}],"wp:term":[{"taxonomy":"product_brand","embeddable":true,"href":"https:\/\/enibo-official.com\/en\/wp-json\/wp\/v2\/product_brand?post=1185"},{"taxonomy":"product_cat","embeddable":true,"href":"https:\/\/enibo-official.com\/en\/wp-json\/wp\/v2\/product_cat?post=1185"},{"taxonomy":"product_tag","embeddable":true,"href":"https:\/\/enibo-official.com\/en\/wp-json\/wp\/v2\/product_tag?post=1185"}],"curies":[{"name":"wp","href":"https:\/\/api.w.org\/{rel}","templated":true}]}}