{"id":1205,"date":"2021-05-06T22:18:14","date_gmt":"2021-05-06T20:18:14","guid":{"rendered":"https:\/\/enibo-official.com\/?post_type=product&#038;p=1205"},"modified":"2026-02-13T23:52:52","modified_gmt":"2026-02-13T22:52:52","slug":"enibo-pink-training-t-shirt","status":"publish","type":"product","link":"https:\/\/enibo-official.com\/en\/product\/enibo-pink-training-t-shirt\/","title":{"rendered":"Enibo pink training T-shirt"},"content":{"rendered":"<p>Ponosno mo\u017eemo re\u0107i kako smo stvorili izvrstan proizvod koji omogu\u0107ava prozra\u010dnost i treniranje bez ikakvog znojenja. 100%-ti pamuk omogu\u0107ava najmek\u0161i osje\u0107aj tijekom cijelog no\u0161enja. Na\u0161e majice, kao i svi ostali proizvodi, ekolo\u0161ki su osvje\u0161tene, te na najvi\u0161em nivou kvalitete. Na\u0161 proizvo\u0111a\u010d osigurao je sigurnu i pametnu proizvodnju u EU te je potvr\u0111en od strane PETA organizacije. Osiguravamo da su na\u0161e majice 100% veganski proizvod, \u0161to zna\u010di da nikakvi \u017eivotinjski proizvodi niti \u017eivotinje nisu uklju\u010deni u proizvodnju, odnosno testiranje iiti sastav ovog proizvoda.<\/p>\n<p>Model na fotografiji nosi broj S.<\/p>\n<p>Veli\u010dine su istinite i odgovaraju navedenim proporcijama.<\/p>\n<p>145 g\/m\u00b2<\/p>\n<p>100% pamuk, prethodno skupljeni, prstenasto tkani i \u010de\u0161ljani (organski).<\/p>\n<p>Tanki rebrasti ovratnik.<\/p>\n<p>Regular fit, sweat-proof.<\/p>\n<p>PETA certified.<\/p>","protected":false},"excerpt":{"rendered":"<p>Ponosno mo\u017eemo re\u0107i kako smo stvorili izvrstan proizvod koji omogu\u0107ava prozra\u010dnost i treniranje bez ikakvog znojenja. 100%-ti pamuk omogu\u0107ava najmek\u0161i osje\u0107aj tijekom cijelog no\u0161enja. Na\u0161e majice, kao i svi ostali proizvodi, ekolo\u0161ki su osvje\u0161tene, te na najvi\u0161em nivou kvalitete. Na\u0161 proizvo\u0111a\u010d osigurao je sigurnu i pametnu proizvodnju u EU te je potvr\u0111en od strane PETA organizacije. Osiguravamo da su na\u0161e majice 100% veganski proizvod, \u0161to zna\u010di da nikakvi \u017eivotinjski proizvodi niti \u017eivotinje nisu uklju\u010deni u proizvodnju, odnosno testiranje iiti sastav ovog proizvoda. Model na fotografiji nosi broj S. Veli\u010dine su istinite i odgovaraju navedenim proporcijama. 145 g\/m\u00b2 100% pamuk, prethodno skupljeni, prstenasto tkani i \u010de\u0161ljani (organski). Tanki rebrasti ovratnik. Regular fit, sweat-proof. PETA certified.<\/p>","protected":false},"featured_media":2029,"comment_status":"open","ping_status":"closed","template":"","meta":[],"product_brand":[],"product_cat":[342],"product_tag":[],"class_list":{"0":"post-1205","1":"product","2":"type-product","3":"status-publish","4":"has-post-thumbnail","6":"product_cat-outlet","8":"first","9":"instock","10":"taxable","11":"shipping-taxable","12":"purchasable","13":"product-type-variable"},"_links":{"self":[{"href":"https:\/\/enibo-official.com\/en\/wp-json\/wp\/v2\/product\/1205","targetHints":{"allow":["GET"]}}],"collection":[{"href":"https:\/\/enibo-official.com\/en\/wp-json\/wp\/v2\/product"}],"about":[{"href":"https:\/\/enibo-official.com\/en\/wp-json\/wp\/v2\/types\/product"}],"replies":[{"embeddable":true,"href":"https:\/\/enibo-official.com\/en\/wp-json\/wp\/v2\/comments?post=1205"}],"wp:featuredmedia":[{"embeddable":true,"href":"https:\/\/enibo-official.com\/en\/wp-json\/wp\/v2\/media\/2029"}],"wp:attachment":[{"href":"https:\/\/enibo-official.com\/en\/wp-json\/wp\/v2\/media?parent=1205"}],"wp:term":[{"taxonomy":"product_brand","embeddable":true,"href":"https:\/\/enibo-official.com\/en\/wp-json\/wp\/v2\/product_brand?post=1205"},{"taxonomy":"product_cat","embeddable":true,"href":"https:\/\/enibo-official.com\/en\/wp-json\/wp\/v2\/product_cat?post=1205"},{"taxonomy":"product_tag","embeddable":true,"href":"https:\/\/enibo-official.com\/en\/wp-json\/wp\/v2\/product_tag?post=1205"}],"curies":[{"name":"wp","href":"https:\/\/api.w.org\/{rel}","templated":true}]}}