{"id":1365,"date":"2021-05-14T15:11:52","date_gmt":"2021-05-14T13:11:52","guid":{"rendered":"https:\/\/enibo-official.com\/?post_type=product&#038;p=1365"},"modified":"2025-05-31T23:03:40","modified_gmt":"2025-05-31T21:03:40","slug":"nylon-blue-spur-cover","status":"publish","type":"product","link":"https:\/\/enibo-official.com\/en\/product\/nylon-blue-spur-cover\/","title":{"rendered":"Nylon blue spur cover"},"content":{"rendered":"<p>Na\u0161e ,,navlakice za mamuze\u201d na\u0161 najnoviji su proizvod. Napravljene od vrhunske eko ko\u017ee odu\u0161evit \u0107e svakog ljubitelja sitnica i detalja.<\/p>\n<p>Uistinu je delikatno, no savr\u0161eno \u0107e zaokru\u017eiti Va\u0161 cijeli izgled, pogotovo ako u to ubrojimo jo\u0161 koji predmet iz Enibo kolekcija. Savr\u0161eno prijanja uz svaku mamuzu, a Vama osigurava ugodno kori\u0161tenje i uklanja mogu\u0107nost o\u0161te\u0107enja od strane metalnih mamuza.<\/p>\n<p>Zato naru\u010di svoju, nemoj zaboraviti da \u0107e do\u0107i u na\u0161oj Enibo luxury EKO kutiji.<\/p>","protected":false},"excerpt":{"rendered":"<p>Na\u0161e ,,navlakice za mamuze\u201d na\u0161 najnoviji su proizvod. Napravljene od vrhunske eko ko\u017ee odu\u0161evit \u0107e svakog ljubitelja sitnica i detalja. Uistinu je delikatno, no savr\u0161eno \u0107e zaokru\u017eiti Va\u0161 cijeli izgled, pogotovo ako u to ubrojimo jo\u0161 koji predmet iz Enibo kolekcija. Savr\u0161eno prijanja uz svaku mamuzu, a Vama osigurava ugodno kori\u0161tenje i uklanja mogu\u0107nost o\u0161te\u0107enja od strane metalnih mamuza. Zato naru\u010di svoju, nemoj zaboraviti da \u0107e do\u0107i u na\u0161oj Enibo luxury EKO kutiji.<\/p>","protected":false},"featured_media":1372,"comment_status":"open","ping_status":"closed","template":"","meta":[],"product_brand":[],"product_cat":[342],"product_tag":[],"class_list":{"0":"post-1365","1":"product","2":"type-product","3":"status-publish","4":"has-post-thumbnail","6":"product_cat-outlet","8":"first","9":"instock","10":"sale","11":"taxable","12":"shipping-taxable","13":"purchasable","14":"product-type-simple"},"_links":{"self":[{"href":"https:\/\/enibo-official.com\/en\/wp-json\/wp\/v2\/product\/1365","targetHints":{"allow":["GET"]}}],"collection":[{"href":"https:\/\/enibo-official.com\/en\/wp-json\/wp\/v2\/product"}],"about":[{"href":"https:\/\/enibo-official.com\/en\/wp-json\/wp\/v2\/types\/product"}],"replies":[{"embeddable":true,"href":"https:\/\/enibo-official.com\/en\/wp-json\/wp\/v2\/comments?post=1365"}],"wp:featuredmedia":[{"embeddable":true,"href":"https:\/\/enibo-official.com\/en\/wp-json\/wp\/v2\/media\/1372"}],"wp:attachment":[{"href":"https:\/\/enibo-official.com\/en\/wp-json\/wp\/v2\/media?parent=1365"}],"wp:term":[{"taxonomy":"product_brand","embeddable":true,"href":"https:\/\/enibo-official.com\/en\/wp-json\/wp\/v2\/product_brand?post=1365"},{"taxonomy":"product_cat","embeddable":true,"href":"https:\/\/enibo-official.com\/en\/wp-json\/wp\/v2\/product_cat?post=1365"},{"taxonomy":"product_tag","embeddable":true,"href":"https:\/\/enibo-official.com\/en\/wp-json\/wp\/v2\/product_tag?post=1365"}],"curies":[{"name":"wp","href":"https:\/\/api.w.org\/{rel}","templated":true}]}}