{"id":1458,"date":"2021-05-17T20:11:32","date_gmt":"2021-05-17T18:11:32","guid":{"rendered":"https:\/\/enibo-official.com\/?post_type=product&#038;p=1458"},"modified":"2025-12-02T23:16:26","modified_gmt":"2025-12-02T22:16:26","slug":"electra-royal-blue-dressage-2","status":"publish","type":"product","link":"https:\/\/enibo-official.com\/en\/product\/electra-royal-blue-dressage-2\/","title":{"rendered":"Electra Royal Blue"},"content":{"rendered":"<p>Najnovija boja u na\u0161oj ponudi, odu\u0161eviti \u0107e svakog ljubitelja plave. Kraljevskog sjaja, stvorena je za turnire. Izra\u0111ena je 100% ru\u010dno, od najboljeg \u010distog pamuka i materijala otpornih na prljav\u0161tinu. Lako je periva kao i svi ostali electra modeli, a nedostaje ba\u0161 u tvojoj kolekciji. Na tvoja vrata dolazi u Enibo luxury kutiji kako bi upe\u010datili puni do\u017eivljaj koji ti pru\u017ea Enibo!<\/p>\n<p>Naru\u010di svoju i zasjeni ostale.<\/p>","protected":false},"excerpt":{"rendered":"<p>Najnovija boja u na\u0161oj ponudi, odu\u0161eviti \u0107e svakog ljubitelja plave. Kraljevskog sjaja, stvorena je za turnire. Izra\u0111ena je 100% ru\u010dno, od najboljeg \u010distog pamuka i materijala otpornih na prljav\u0161tinu. Lako je periva kao i svi ostali electra modeli, a nedostaje ba\u0161 u tvojoj kolekciji. Na tvoja vrata dolazi u Enibo luxury kutiji kako bi upe\u010datili puni do\u017eivljaj koji ti pru\u017ea Enibo! Naru\u010di svoju i zasjeni ostale.<\/p>","protected":false},"featured_media":9722,"comment_status":"open","ping_status":"closed","template":"","meta":[],"product_brand":[],"product_cat":[250,341,237],"product_tag":[],"class_list":{"0":"post-1458","1":"product","2":"type-product","3":"status-publish","4":"has-post-thumbnail","6":"product_cat-podsedlice","7":"product_cat-basics","8":"product_cat-dresurna","10":"first","11":"instock","12":"taxable","13":"shipping-taxable","14":"purchasable","15":"product-type-variable"},"_links":{"self":[{"href":"https:\/\/enibo-official.com\/en\/wp-json\/wp\/v2\/product\/1458","targetHints":{"allow":["GET"]}}],"collection":[{"href":"https:\/\/enibo-official.com\/en\/wp-json\/wp\/v2\/product"}],"about":[{"href":"https:\/\/enibo-official.com\/en\/wp-json\/wp\/v2\/types\/product"}],"replies":[{"embeddable":true,"href":"https:\/\/enibo-official.com\/en\/wp-json\/wp\/v2\/comments?post=1458"}],"wp:featuredmedia":[{"embeddable":true,"href":"https:\/\/enibo-official.com\/en\/wp-json\/wp\/v2\/media\/9722"}],"wp:attachment":[{"href":"https:\/\/enibo-official.com\/en\/wp-json\/wp\/v2\/media?parent=1458"}],"wp:term":[{"taxonomy":"product_brand","embeddable":true,"href":"https:\/\/enibo-official.com\/en\/wp-json\/wp\/v2\/product_brand?post=1458"},{"taxonomy":"product_cat","embeddable":true,"href":"https:\/\/enibo-official.com\/en\/wp-json\/wp\/v2\/product_cat?post=1458"},{"taxonomy":"product_tag","embeddable":true,"href":"https:\/\/enibo-official.com\/en\/wp-json\/wp\/v2\/product_tag?post=1458"}],"curies":[{"name":"wp","href":"https:\/\/api.w.org\/{rel}","templated":true}]}}