{"id":1571,"date":"2021-07-07T10:00:39","date_gmt":"2021-07-07T08:00:39","guid":{"rendered":"https:\/\/enibo-official.com\/?post_type=product&#038;p=1571"},"modified":"2025-12-02T23:16:26","modified_gmt":"2025-12-02T22:16:26","slug":"electra-midnight-green-dressage","status":"publish","type":"product","link":"https:\/\/enibo-official.com\/en\/product\/electra-midnight-green-dressage\/","title":{"rendered":"Electra Midnight Green"},"content":{"rendered":"<p class=\"p1\"><span class=\"s1\">Podsedlica za svaku sezonu i prigodu ! Ova zelena zapanjuje preko slike, a posebice u\u017eivo!<\/span><\/p>\n<p class=\"p1\"><span class=\"s1\">Tra\u017ei\u0161 ono ne\u0161to posebno? Boju koja \u0107e svakog ostaviti bez teksta? Onda je najnovija zelena stvorena za tebe!<\/span><\/p>\n<p class=\"p1\"><span class=\"s1\">Svi Electra modeli napravljeni su od najboljeg pli\u0161a, koji dolazi iz Europe te 100% pamu\u010dne podstave koja pru\u017ea ko\u017ei va\u0161eg konja stalnu prozra\u010dnost pogotovo tijekom ljetnih vru\u0107ina!<\/span><\/p>","protected":false},"excerpt":{"rendered":"<p>Podsedlica za svaku sezonu i prigodu ! Ova zelena zapanjuje preko slike, a posebice u\u017eivo! Tra\u017ei\u0161 ono ne\u0161to posebno? Boju koja \u0107e svakog ostaviti bez teksta? Onda je najnovija zelena stvorena za tebe! Svi Electra modeli napravljeni su od najboljeg pli\u0161a, koji dolazi iz Europe te 100% pamu\u010dne podstave koja pru\u017ea ko\u017ei va\u0161eg konja stalnu prozra\u010dnost pogotovo tijekom ljetnih vru\u0107ina!<\/p>","protected":false},"featured_media":9717,"comment_status":"open","ping_status":"closed","template":"","meta":[],"product_brand":[],"product_cat":[250,341,237],"product_tag":[],"class_list":{"0":"post-1571","1":"product","2":"type-product","3":"status-publish","4":"has-post-thumbnail","6":"product_cat-podsedlice","7":"product_cat-basics","8":"product_cat-dresurna","10":"first","11":"instock","12":"taxable","13":"shipping-taxable","14":"purchasable","15":"product-type-variable"},"_links":{"self":[{"href":"https:\/\/enibo-official.com\/en\/wp-json\/wp\/v2\/product\/1571","targetHints":{"allow":["GET"]}}],"collection":[{"href":"https:\/\/enibo-official.com\/en\/wp-json\/wp\/v2\/product"}],"about":[{"href":"https:\/\/enibo-official.com\/en\/wp-json\/wp\/v2\/types\/product"}],"replies":[{"embeddable":true,"href":"https:\/\/enibo-official.com\/en\/wp-json\/wp\/v2\/comments?post=1571"}],"wp:featuredmedia":[{"embeddable":true,"href":"https:\/\/enibo-official.com\/en\/wp-json\/wp\/v2\/media\/9717"}],"wp:attachment":[{"href":"https:\/\/enibo-official.com\/en\/wp-json\/wp\/v2\/media?parent=1571"}],"wp:term":[{"taxonomy":"product_brand","embeddable":true,"href":"https:\/\/enibo-official.com\/en\/wp-json\/wp\/v2\/product_brand?post=1571"},{"taxonomy":"product_cat","embeddable":true,"href":"https:\/\/enibo-official.com\/en\/wp-json\/wp\/v2\/product_cat?post=1571"},{"taxonomy":"product_tag","embeddable":true,"href":"https:\/\/enibo-official.com\/en\/wp-json\/wp\/v2\/product_tag?post=1571"}],"curies":[{"name":"wp","href":"https:\/\/api.w.org\/{rel}","templated":true}]}}