{"id":2002,"date":"2022-06-22T18:00:26","date_gmt":"2022-06-22T16:00:26","guid":{"rendered":"https:\/\/enibo-official.com\/?post_type=product&#038;p=2002"},"modified":"2024-12-03T21:45:33","modified_gmt":"2024-12-03T20:45:33","slug":"enibo-marine-blue-ular","status":"publish","type":"product","link":"https:\/\/enibo-official.com\/en\/product\/enibo-marine-blue-ular\/","title":{"rendered":"Enibo marine blue ular"},"content":{"rendered":"<p>Tra\u017eili ste, a mi smo donijeli najsla\u0111e ulare ove sezone. Ve\u0107 ste svi dobo upoznati s Enibo ma\u0161nama i kako nas prate kroz na\u0161a pakiranja sada \u0107e mo\u0107i stajati i na Va\u0161im konji\u0107ima. Predivni ko\u017eni ulari dolaze s ru\u010dno ra\u0111enim mesingom i istim kop\u010dama koje su posebno lijevane i napravljene s na\u0161im logom.<\/p>\n<p>Radi se o pravoj ko\u017ei i sam ular je 100% ru\u010dno ra\u0111en.<\/p>","protected":false},"excerpt":{"rendered":"<p>Tra\u017eili ste, a mi smo donijeli najsla\u0111e ulare ove sezone. Ve\u0107 ste svi dobo upoznati s Enibo ma\u0161nama i kako nas prate kroz na\u0161a pakiranja sada \u0107e mo\u0107i stajati i na Va\u0161im konji\u0107ima. Predivni ko\u017eni ulari dolaze s ru\u010dno ra\u0111enim mesingom i istim kop\u010dama koje su posebno lijevane i napravljene s na\u0161im logom. Radi se o pravoj ko\u017ei i sam ular je 100% ru\u010dno ra\u0111en.<\/p>","protected":false},"featured_media":1990,"comment_status":"open","ping_status":"closed","template":"","meta":[],"product_brand":[],"product_cat":[309],"product_tag":[],"class_list":{"0":"post-2002","1":"product","2":"type-product","3":"status-publish","4":"has-post-thumbnail","6":"product_cat-ulari","8":"first","9":"instock","10":"taxable","11":"shipping-taxable","12":"purchasable","13":"product-type-variable"},"_links":{"self":[{"href":"https:\/\/enibo-official.com\/en\/wp-json\/wp\/v2\/product\/2002","targetHints":{"allow":["GET"]}}],"collection":[{"href":"https:\/\/enibo-official.com\/en\/wp-json\/wp\/v2\/product"}],"about":[{"href":"https:\/\/enibo-official.com\/en\/wp-json\/wp\/v2\/types\/product"}],"replies":[{"embeddable":true,"href":"https:\/\/enibo-official.com\/en\/wp-json\/wp\/v2\/comments?post=2002"}],"wp:featuredmedia":[{"embeddable":true,"href":"https:\/\/enibo-official.com\/en\/wp-json\/wp\/v2\/media\/1990"}],"wp:attachment":[{"href":"https:\/\/enibo-official.com\/en\/wp-json\/wp\/v2\/media?parent=2002"}],"wp:term":[{"taxonomy":"product_brand","embeddable":true,"href":"https:\/\/enibo-official.com\/en\/wp-json\/wp\/v2\/product_brand?post=2002"},{"taxonomy":"product_cat","embeddable":true,"href":"https:\/\/enibo-official.com\/en\/wp-json\/wp\/v2\/product_cat?post=2002"},{"taxonomy":"product_tag","embeddable":true,"href":"https:\/\/enibo-official.com\/en\/wp-json\/wp\/v2\/product_tag?post=2002"}],"curies":[{"name":"wp","href":"https:\/\/api.w.org\/{rel}","templated":true}]}}