{"id":8386,"date":"2023-08-12T09:05:08","date_gmt":"2023-08-12T07:05:08","guid":{"rendered":"https:\/\/enibo-official.com\/?post_type=product&#038;p=8386"},"modified":"2025-11-28T01:59:32","modified_gmt":"2025-11-28T00:59:32","slug":"aurora-mohito-dressage","status":"publish","type":"product","link":"https:\/\/enibo-official.com\/en\/product\/aurora-mohito-dressage\/","title":{"rendered":"AURORA MOHITO"},"content":{"rendered":"<p>Pozdravi boju koja \u0107e odjaviti ljetnu kolekciju i najaviti ulazak u jesen i sve \u0161to ona donosi.<\/p>\n<p>Vibrant zelena boja ne\u0107e ostati ne primje\u0107ena, ali jednako tako ostaviti \u0107e dozu sofisticiranosti svojim detaljnim materijalom.<\/p>\n<p>Naru\u010di svoju i ti i nemoj propustiti svje\u017einu ove podsedlice<\/p>\n<p>Podstava je 100% pamu\u010dna, a glavni materijali su 61% akril i 39% poliester.<br \/>\nNa\u0161i se proizvodi lako peru uz samo malo vode, otporni su i trajni.<br \/>\nSvaka Enibo podsedlica 100% je ru\u010dno izra\u0111ena i cruelty free.<br \/>\nSavr\u0161ena za treninge ili posebne doga\u0111aje!<br \/>\nDostupna u 2 veli\u010dine, za dresuru i preponsko jahanje!<\/p>","protected":false},"excerpt":{"rendered":"<p>Pozdravi boju koja \u0107e odjaviti ljetnu kolekciju i najaviti ulazak u jesen i sve \u0161to ona donosi. Vibrant zelena boja ne\u0107e ostati ne primje\u0107ena, ali jednako tako ostaviti \u0107e dozu sofisticiranosti svojim detaljnim materijalom. Naru\u010di svoju i ti i nemoj propustiti svje\u017einu ove podsedlice Podstava je 100% pamu\u010dna, a glavni materijali su 61% akril i 39% poliester. Na\u0161i se proizvodi lako peru uz samo malo vode, otporni su i trajni. Svaka Enibo podsedlica 100% je ru\u010dno izra\u0111ena i cruelty free. Savr\u0161ena za treninge ili posebne doga\u0111aje! Dostupna u 2 veli\u010dine, za dresuru i preponsko jahanje!<\/p>","protected":false},"featured_media":8385,"comment_status":"open","ping_status":"closed","template":"","meta":[],"product_brand":[],"product_cat":[342],"product_tag":[],"class_list":{"0":"post-8386","1":"product","2":"type-product","3":"status-publish","4":"has-post-thumbnail","6":"product_cat-outlet","8":"first","9":"outofstock","10":"taxable","11":"shipping-taxable","12":"purchasable","13":"product-type-variable"},"_links":{"self":[{"href":"https:\/\/enibo-official.com\/en\/wp-json\/wp\/v2\/product\/8386","targetHints":{"allow":["GET"]}}],"collection":[{"href":"https:\/\/enibo-official.com\/en\/wp-json\/wp\/v2\/product"}],"about":[{"href":"https:\/\/enibo-official.com\/en\/wp-json\/wp\/v2\/types\/product"}],"replies":[{"embeddable":true,"href":"https:\/\/enibo-official.com\/en\/wp-json\/wp\/v2\/comments?post=8386"}],"wp:featuredmedia":[{"embeddable":true,"href":"https:\/\/enibo-official.com\/en\/wp-json\/wp\/v2\/media\/8385"}],"wp:attachment":[{"href":"https:\/\/enibo-official.com\/en\/wp-json\/wp\/v2\/media?parent=8386"}],"wp:term":[{"taxonomy":"product_brand","embeddable":true,"href":"https:\/\/enibo-official.com\/en\/wp-json\/wp\/v2\/product_brand?post=8386"},{"taxonomy":"product_cat","embeddable":true,"href":"https:\/\/enibo-official.com\/en\/wp-json\/wp\/v2\/product_cat?post=8386"},{"taxonomy":"product_tag","embeddable":true,"href":"https:\/\/enibo-official.com\/en\/wp-json\/wp\/v2\/product_tag?post=8386"}],"curies":[{"name":"wp","href":"https:\/\/api.w.org\/{rel}","templated":true}]}}