{"id":8464,"date":"2024-03-08T11:15:45","date_gmt":"2024-03-08T10:15:45","guid":{"rendered":"https:\/\/enibo-official.com\/?post_type=product&#038;p=8464"},"modified":"2025-11-28T01:58:49","modified_gmt":"2025-11-28T00:58:49","slug":"ara-cloud","status":"publish","type":"product","link":"https:\/\/enibo-official.com\/en\/product\/ara-cloud\/","title":{"rendered":"ARA CLOUD"},"content":{"rendered":"<p>Kao novi materijal, ARA donosi svoju prvu boju zvanu CLOUD.<\/p>\n<p>Ovaj materijal krasi meko\u0107a na dodir i prozra\u010dnost kroz kori\u0161tenje.<\/p>\n<p>CLOUD predstavlja sivu nijansu roza podtonova i stoji ba\u0161 svakoj boji i uklapa se u svaku kombinaciju<\/p>\n<p>Dolazi u 2 veli\u010dine, dresurnoj i preponskoj.<\/p>\n<p>Podstava 100% pamuk, ru\u010dnora\u0111eni proizvod sa ekolo\u0161kim pakiranjem i odr\u017eivom proizvodnjom.<\/p>\n<p>&nbsp;<\/p>","protected":false},"excerpt":{"rendered":"<p>Kao novi materijal, ARA donosi svoju prvu boju zvanu CLOUD. Ovaj materijal krasi meko\u0107a na dodir i prozra\u010dnost kroz kori\u0161tenje. CLOUD predstavlja sivu nijansu roza podtonova i stoji ba\u0161 svakoj boji i uklapa se u svaku kombinaciju Dolazi u 2 veli\u010dine, dresurnoj i preponskoj. Podstava 100% pamuk, ru\u010dnora\u0111eni proizvod sa ekolo\u0161kim pakiranjem i odr\u017eivom proizvodnjom. &nbsp;<\/p>","protected":false},"featured_media":8466,"comment_status":"open","ping_status":"closed","template":"","meta":[],"product_brand":[],"product_cat":[342,250,341,238],"product_tag":[],"class_list":{"0":"post-8464","1":"product","2":"type-product","3":"status-publish","4":"has-post-thumbnail","6":"product_cat-outlet","7":"product_cat-podsedlice","8":"product_cat-basics","9":"product_cat-preponska","11":"first","12":"instock","13":"sale","14":"taxable","15":"shipping-taxable","16":"purchasable","17":"product-type-variable"},"_links":{"self":[{"href":"https:\/\/enibo-official.com\/en\/wp-json\/wp\/v2\/product\/8464","targetHints":{"allow":["GET"]}}],"collection":[{"href":"https:\/\/enibo-official.com\/en\/wp-json\/wp\/v2\/product"}],"about":[{"href":"https:\/\/enibo-official.com\/en\/wp-json\/wp\/v2\/types\/product"}],"replies":[{"embeddable":true,"href":"https:\/\/enibo-official.com\/en\/wp-json\/wp\/v2\/comments?post=8464"}],"wp:featuredmedia":[{"embeddable":true,"href":"https:\/\/enibo-official.com\/en\/wp-json\/wp\/v2\/media\/8466"}],"wp:attachment":[{"href":"https:\/\/enibo-official.com\/en\/wp-json\/wp\/v2\/media?parent=8464"}],"wp:term":[{"taxonomy":"product_brand","embeddable":true,"href":"https:\/\/enibo-official.com\/en\/wp-json\/wp\/v2\/product_brand?post=8464"},{"taxonomy":"product_cat","embeddable":true,"href":"https:\/\/enibo-official.com\/en\/wp-json\/wp\/v2\/product_cat?post=8464"},{"taxonomy":"product_tag","embeddable":true,"href":"https:\/\/enibo-official.com\/en\/wp-json\/wp\/v2\/product_tag?post=8464"}],"curies":[{"name":"wp","href":"https:\/\/api.w.org\/{rel}","templated":true}]}}