{"id":851,"date":"2020-10-24T11:07:05","date_gmt":"2020-10-24T09:07:05","guid":{"rendered":"https:\/\/enibo-official.com\/?post_type=product&#038;p=851"},"modified":"2025-12-02T23:16:26","modified_gmt":"2025-12-02T22:16:26","slug":"atlas-yellow-dressage","status":"publish","type":"product","link":"https:\/\/enibo-official.com\/en\/product\/atlas-yellow-dressage\/","title":{"rendered":"Atlas yellow"},"content":{"rendered":"<p>Ova Enibo podsedlica izra\u0111ena je od savr\u0161enog pli\u0161anog materijala elegantnog dizajna i posebnog dizajna koji se mo\u017ee vidjeti samo na na\u0161im Atlas modelima.<br \/>\nUz ovu \u017eutu boju ne mo\u017eete ostati nezapa\u017eeni!<br \/>\nSavr\u0161ena za turnire ili svakodnevne treninge!<br \/>\nPodstava je 100% pamu\u010dna, a glavni materijali su 61% akril i 39% poliester.<br \/>\nSvaka Enibo podsedlica 100% je ru\u010dno izra\u0111ena i cruelty free.<br \/>\nNa\u0161i se proizvodi lako peru uz samo malo vode, otporni su i trajni.<br \/>\nDostupna u 2 veli\u010dine, za dresuru i preponsko jahanje!<\/p>","protected":false},"excerpt":{"rendered":"<p>Ova Enibo podsedlica izra\u0111ena je od savr\u0161enog pli\u0161anog materijala elegantnog dizajna i posebnog dizajna koji se mo\u017ee vidjeti samo na na\u0161im Atlas modelima. Uz ovu \u017eutu boju ne mo\u017eete ostati nezapa\u017eeni! Savr\u0161ena za turnire ili svakodnevne treninge! Podstava je 100% pamu\u010dna, a glavni materijali su 61% akril i 39% poliester. Svaka Enibo podsedlica 100% je ru\u010dno izra\u0111ena i cruelty free. Na\u0161i se proizvodi lako peru uz samo malo vode, otporni su i trajni. Dostupna u 2 veli\u010dine, za dresuru i preponsko jahanje!<\/p>","protected":false},"featured_media":852,"comment_status":"open","ping_status":"closed","template":"","meta":[],"product_brand":[],"product_cat":[342],"product_tag":[225],"class_list":{"0":"post-851","1":"product","2":"type-product","3":"status-publish","4":"has-post-thumbnail","6":"product_cat-outlet","7":"product_tag-atlas","9":"first","10":"instock","11":"taxable","12":"shipping-taxable","13":"purchasable","14":"product-type-variable"},"_links":{"self":[{"href":"https:\/\/enibo-official.com\/en\/wp-json\/wp\/v2\/product\/851","targetHints":{"allow":["GET"]}}],"collection":[{"href":"https:\/\/enibo-official.com\/en\/wp-json\/wp\/v2\/product"}],"about":[{"href":"https:\/\/enibo-official.com\/en\/wp-json\/wp\/v2\/types\/product"}],"replies":[{"embeddable":true,"href":"https:\/\/enibo-official.com\/en\/wp-json\/wp\/v2\/comments?post=851"}],"wp:featuredmedia":[{"embeddable":true,"href":"https:\/\/enibo-official.com\/en\/wp-json\/wp\/v2\/media\/852"}],"wp:attachment":[{"href":"https:\/\/enibo-official.com\/en\/wp-json\/wp\/v2\/media?parent=851"}],"wp:term":[{"taxonomy":"product_brand","embeddable":true,"href":"https:\/\/enibo-official.com\/en\/wp-json\/wp\/v2\/product_brand?post=851"},{"taxonomy":"product_cat","embeddable":true,"href":"https:\/\/enibo-official.com\/en\/wp-json\/wp\/v2\/product_cat?post=851"},{"taxonomy":"product_tag","embeddable":true,"href":"https:\/\/enibo-official.com\/en\/wp-json\/wp\/v2\/product_tag?post=851"}],"curies":[{"name":"wp","href":"https:\/\/api.w.org\/{rel}","templated":true}]}}