{"id":873,"date":"2020-10-25T12:19:23","date_gmt":"2020-10-25T11:19:23","guid":{"rendered":"https:\/\/enibo-official.com\/?post_type=product&#038;p=873"},"modified":"2025-12-02T23:16:26","modified_gmt":"2025-12-02T22:16:26","slug":"aurora-silver-blue-dressage-2","status":"publish","type":"product","link":"https:\/\/enibo-official.com\/en\/product\/aurora-silver-blue-dressage-2\/","title":{"rendered":"Aurora silver blue"},"content":{"rendered":"<p>Ova Enibo podsedlica izra\u0111ena je od prirodnih materijala koji se mogu vidjeti samo na na\u0161im Aurora modelima.<br \/>\nPodstava je 100% pamu\u010dna, a glavni materijali su 61% akril i 39% poliester.<br \/>\nNa\u0161i se proizvodi lako peru uz samo malo vode, otporni su i trajni.<br \/>\nSvaka Enibo podsedlica 100% je ru\u010dno izra\u0111ena i cruelty free.<br \/>\nSavr\u0161ena za treninge ili posebne doga\u0111aje!<br \/>\nDostupna u 2 veli\u010dine, za dresuru i preponsko jahanje!<\/p>","protected":false},"excerpt":{"rendered":"<p>Ova Enibo podsedlica izra\u0111ena je od prirodnih materijala koji se mogu vidjeti samo na na\u0161im Aurora modelima. Podstava je 100% pamu\u010dna, a glavni materijali su 61% akril i 39% poliester. Na\u0161i se proizvodi lako peru uz samo malo vode, otporni su i trajni. Svaka Enibo podsedlica 100% je ru\u010dno izra\u0111ena i cruelty free. Savr\u0161ena za treninge ili posebne doga\u0111aje! Dostupna u 2 veli\u010dine, za dresuru i preponsko jahanje!<\/p>","protected":false},"featured_media":876,"comment_status":"open","ping_status":"closed","template":"","meta":[],"product_brand":[],"product_cat":[342],"product_tag":[247],"class_list":{"0":"post-873","1":"product","2":"type-product","3":"status-publish","4":"has-post-thumbnail","6":"product_cat-outlet","7":"product_tag-aurora","9":"first","10":"instock","11":"taxable","12":"shipping-taxable","13":"purchasable","14":"product-type-variable"},"_links":{"self":[{"href":"https:\/\/enibo-official.com\/en\/wp-json\/wp\/v2\/product\/873","targetHints":{"allow":["GET"]}}],"collection":[{"href":"https:\/\/enibo-official.com\/en\/wp-json\/wp\/v2\/product"}],"about":[{"href":"https:\/\/enibo-official.com\/en\/wp-json\/wp\/v2\/types\/product"}],"replies":[{"embeddable":true,"href":"https:\/\/enibo-official.com\/en\/wp-json\/wp\/v2\/comments?post=873"}],"wp:featuredmedia":[{"embeddable":true,"href":"https:\/\/enibo-official.com\/en\/wp-json\/wp\/v2\/media\/876"}],"wp:attachment":[{"href":"https:\/\/enibo-official.com\/en\/wp-json\/wp\/v2\/media?parent=873"}],"wp:term":[{"taxonomy":"product_brand","embeddable":true,"href":"https:\/\/enibo-official.com\/en\/wp-json\/wp\/v2\/product_brand?post=873"},{"taxonomy":"product_cat","embeddable":true,"href":"https:\/\/enibo-official.com\/en\/wp-json\/wp\/v2\/product_cat?post=873"},{"taxonomy":"product_tag","embeddable":true,"href":"https:\/\/enibo-official.com\/en\/wp-json\/wp\/v2\/product_tag?post=873"}],"curies":[{"name":"wp","href":"https:\/\/api.w.org\/{rel}","templated":true}]}}