{"id":9725,"date":"2024-12-04T19:55:41","date_gmt":"2024-12-04T18:55:41","guid":{"rendered":"https:\/\/enibo-official.com\/?post_type=product&#038;p=9725"},"modified":"2025-11-28T01:33:09","modified_gmt":"2025-11-28T00:33:09","slug":"sand","status":"publish","type":"product","link":"https:\/\/enibo-official.com\/en\/product\/sand\/","title":{"rendered":"SAND"},"content":{"rendered":"<p>A fresh new look to our fundamental golden plates, paired up with the fresh color addition to our\nbasic collection.<br \/>\nThe material offers fast and easy cleaning, ensuring a durable and long lasting\nlight finish<\/p>","protected":false},"excerpt":{"rendered":"<p>Svje\u017e novi izgled na\u0161ih zlatnih plo\u010dica, uparen je sa svje\u017eim dodatkom u boji na\u0161oj basic kolekciji. Materijal nudi brzo i jednostavno \u010di\u0161\u0107enje, osiguravaju\u0107i izdr\u017eljiv i dugotrajan izgled .<\/p>","protected":false},"featured_media":9728,"comment_status":"open","ping_status":"closed","template":"","meta":[],"product_brand":[],"product_cat":[250,341,237],"product_tag":[],"class_list":{"0":"post-9725","1":"product","2":"type-product","3":"status-publish","4":"has-post-thumbnail","6":"product_cat-podsedlice","7":"product_cat-basics","8":"product_cat-dresurna","10":"first","11":"outofstock","12":"taxable","13":"shipping-taxable","14":"purchasable","15":"product-type-simple"},"_links":{"self":[{"href":"https:\/\/enibo-official.com\/en\/wp-json\/wp\/v2\/product\/9725","targetHints":{"allow":["GET"]}}],"collection":[{"href":"https:\/\/enibo-official.com\/en\/wp-json\/wp\/v2\/product"}],"about":[{"href":"https:\/\/enibo-official.com\/en\/wp-json\/wp\/v2\/types\/product"}],"replies":[{"embeddable":true,"href":"https:\/\/enibo-official.com\/en\/wp-json\/wp\/v2\/comments?post=9725"}],"wp:featuredmedia":[{"embeddable":true,"href":"https:\/\/enibo-official.com\/en\/wp-json\/wp\/v2\/media\/9728"}],"wp:attachment":[{"href":"https:\/\/enibo-official.com\/en\/wp-json\/wp\/v2\/media?parent=9725"}],"wp:term":[{"taxonomy":"product_brand","embeddable":true,"href":"https:\/\/enibo-official.com\/en\/wp-json\/wp\/v2\/product_brand?post=9725"},{"taxonomy":"product_cat","embeddable":true,"href":"https:\/\/enibo-official.com\/en\/wp-json\/wp\/v2\/product_cat?post=9725"},{"taxonomy":"product_tag","embeddable":true,"href":"https:\/\/enibo-official.com\/en\/wp-json\/wp\/v2\/product_tag?post=9725"}],"curies":[{"name":"wp","href":"https:\/\/api.w.org\/{rel}","templated":true}]}}